{"id":87,"date":"2019-11-13T08:46:03","date_gmt":"2019-11-13T08:46:03","guid":{"rendered":"http:\/\/melaniesengbusch.de\/?page_id=87"},"modified":"2025-12-20T06:37:22","modified_gmt":"2025-12-20T06:37:22","slug":"vita","status":"publish","type":"page","link":"https:\/\/melaniesengbusch.de\/?page_id=87","title":{"rendered":"Vita"},"content":{"rendered":"\t\t<div data-elementor-type=\"wp-page\" data-elementor-id=\"87\" class=\"elementor elementor-87\">\n\t\t\t\t\t\t<section class=\"elementor-section elementor-top-section elementor-element elementor-element-a05e50e elementor-section-boxed elementor-section-height-default elementor-section-height-default\" data-id=\"a05e50e\" data-element_type=\"section\">\n\t\t\t\t\t\t<div class=\"elementor-container elementor-column-gap-default\">\n\t\t\t\t\t<div class=\"elementor-column elementor-col-100 elementor-top-column elementor-element elementor-element-5195989\" data-id=\"5195989\" data-element_type=\"column\">\n\t\t\t<div class=\"elementor-widget-wrap elementor-element-populated\">\n\t\t\t\t\t\t<div class=\"elementor-element elementor-element-84787f6 elementor-widget__width-initial elementor-widget elementor-widget-text-editor\" data-id=\"84787f6\" data-element_type=\"widget\" data-widget_type=\"text-editor.default\">\n\t\t\t\t<div class=\"elementor-widget-container\">\n\t\t\t\t\t\t\t\t\t<p><img fetchpriority=\"high\" decoding=\"async\" class=\"alignright wp-image-3361\" src=\"https:\/\/melaniesengbusch.de\/wp-content\/uploads\/2024\/01\/20230505_093327-225x300.jpg\" alt=\"\" width=\"430\" height=\"573\" srcset=\"https:\/\/melaniesengbusch.de\/wp-content\/uploads\/2024\/01\/20230505_093327-225x300.jpg 225w, https:\/\/melaniesengbusch.de\/wp-content\/uploads\/2024\/01\/20230505_093327-768x1024.jpg 768w, https:\/\/melaniesengbusch.de\/wp-content\/uploads\/2024\/01\/20230505_093327-1152x1536.jpg 1152w, https:\/\/melaniesengbusch.de\/wp-content\/uploads\/2024\/01\/20230505_093327-1536x2048.jpg 1536w, https:\/\/melaniesengbusch.de\/wp-content\/uploads\/2024\/01\/20230505_093327-scaled.jpg 1920w\" sizes=\"(max-width: 430px) 100vw, 430px\" \/><\/p>\n<p><em>Wer auf den rechten Weg will, mu\u00df durchaus durch sich selbst hindurch. <\/em>Wilhelm Busch<em><br><\/em><\/p>\n<p>Wer sich selbst erkennen und annehmen kann, derjenige erreicht einen Zustand von Klarheit und Gelassenheit. Dieses tiefe (Selbst-)Bewusstsein ist der Schl\u00fcssel zu einem freien und gl\u00fccklichen Leben und ich helfe Menschen mit all meiner Erfahrung und Fachlichkeit dabei, den Weg dahin selbstbestimmt und erfolgreich zu gehen. Ich lie\u00df mich sozialp\u00e4dagogisch ausbilden und psychologisch weiterbilden. Stetig befasse ich mich mit Pers\u00f6nlichkeitsentwicklung und aktualisiere mein Wissen mit Hilfe neuester Erkenntnisse, insbesondere aus der Psychologie. Ich strebe nach tiefer Erkenntnis und ganzheitlicher Betrachtungsweise, so sehe ich immerzu, was sich erg\u00e4nzt und ziehe die hilfreiche Essenz aus verschiedenen Bereichen, um mit umfassendem Verst\u00e4ndnis auf das Leben und den Menschen zu blicken.<\/p>\n<h4>&nbsp;<\/h4>\n<h4>Meine Vision ist es, dass jeder Mensch auf der Welt sich wertvoll f\u00fchlt und sich der innere Frieden auf den \u00e4u\u00dferen Frieden auswirkt.<\/h4>\n<h4>Dazu m\u00f6chte ich meine F\u00e4higkeiten, meine Begabung und mein Wissen hilfreich einsetzen.<\/h4>\n<div>&nbsp;<\/div>\n<p>Zahlen und Fakten<\/p>\n<ul>\n<li>2009 Fachschulexamen Fachschule f\u00fcr Sozialp\u00e4dagogik Bonn<\/li>\n<li>2009 bis 2017 Betreuung &amp; Begleitung f\u00fcr Familien in Hamburg<\/li>\n<li>2012 Geburt des eigenen Sohnes<\/li>\n<li>2017 bis 2022 P\u00e4dagogik &amp; Qualit\u00e4tsentwicklung f\u00fcr eine Einrichtung der ganzt\u00e4gigen Bildung und Betreuung an Schulen in Hamburg<\/li>\n<li>2019 Seminar Heilpraktiker f\u00fcr Psychotherapie<\/li>\n<li>2020 Fachkundepr\u00fcfung P\u00e4dagogisch-psychologische Beraterin<\/li>\n<li>2020 Basisqualifikation Psychotraumatologie<\/li>\n<li>2020 bis 2022 Psychologische Beratung &amp; Pr\u00e4vention in Therapiepraxis in Hamburg<\/li>\n<li>2021 Erlaubnis zur Aus\u00fcbung der Heilkunde, ausschlie\u00dflich auf dem Gebiet der Psychotherapie, erteilt durch die Freie und Hansestadt Hamburg<\/li>\n<li>2022 bis heute Suchtpr\u00e4vention f\u00fcr freigemeinn\u00fctzige Einrichtung in Schleswig Holstein<\/li>\n<li>2022 bis heute Psychotherapie nach dem Heilpraktikergesetz in Therapiepraxis in Bad Segeberg<\/li>\n<\/ul>\t\t\t\t\t\t\t\t<\/div>\n\t\t\t\t<\/div>\n\t\t\t\t\t<\/div>\n\t\t<\/div>\n\t\t\t\t\t<\/div>\n\t\t<\/section>\n\t\t<div class=\"elementor-element elementor-element-8ba3739 e-flex e-con-boxed e-con e-parent\" data-id=\"8ba3739\" data-element_type=\"container\">\n\t\t\t\t\t<div class=\"e-con-inner\">\n\t\t\t\t<div class=\"elementor-element elementor-element-67b2fa3 elementor-widget elementor-widget-spacer\" data-id=\"67b2fa3\" data-element_type=\"widget\" data-widget_type=\"spacer.default\">\n\t\t\t\t<div class=\"elementor-widget-container\">\n\t\t\t\t\t\t\t<div class=\"elementor-spacer\">\n\t\t\t<div class=\"elementor-spacer-inner\"><\/div>\n\t\t<\/div>\n\t\t\t\t\t\t<\/div>\n\t\t\t\t<\/div>\n\t\t\t\t\t<\/div>\n\t\t\t\t<\/div>\n\t\t\t\t<\/div>\n\t\t","protected":false},"excerpt":{"rendered":"<p>Wer auf den rechten Weg will, mu\u00df durchaus durch sich selbst hindurch. Wilhelm Busch Wer sich selbst erkennen und annehmen kann, derjenige erreicht einen Zustand von Klarheit und Gelassenheit. Dieses tiefe (Selbst-)Bewusstsein ist der Schl\u00fcssel zu einem freien und gl\u00fccklichen Leben und ich helfe Menschen mit all meiner Erfahrung und Fachlichkeit dabei, den Weg dahin &hellip; <\/p>\n<p class=\"link-more\"><a href=\"https:\/\/melaniesengbusch.de\/?page_id=87\" class=\"more-link\">Mehr <span class=\"screen-reader-text\">\u00fcber &#8222;Vita&#8220; <\/span>Lesen<\/a><\/p>\n","protected":false},"author":1,"featured_media":0,"parent":0,"menu_order":0,"comment_status":"closed","ping_status":"closed","template":"","meta":{"footnotes":""},"class_list":["post-87","page","type-page","status-publish","hentry"],"featured_media_urls":[],"_links":{"self":[{"href":"https:\/\/melaniesengbusch.de\/index.php?rest_route=\/wp\/v2\/pages\/87","targetHints":{"allow":["GET"]}}],"collection":[{"href":"https:\/\/melaniesengbusch.de\/index.php?rest_route=\/wp\/v2\/pages"}],"about":[{"href":"https:\/\/melaniesengbusch.de\/index.php?rest_route=\/wp\/v2\/types\/page"}],"author":[{"embeddable":true,"href":"https:\/\/melaniesengbusch.de\/index.php?rest_route=\/wp\/v2\/users\/1"}],"replies":[{"embeddable":true,"href":"https:\/\/melaniesengbusch.de\/index.php?rest_route=%2Fwp%2Fv2%2Fcomments&post=87"}],"version-history":[{"count":286,"href":"https:\/\/melaniesengbusch.de\/index.php?rest_route=\/wp\/v2\/pages\/87\/revisions"}],"predecessor-version":[{"id":3547,"href":"https:\/\/melaniesengbusch.de\/index.php?rest_route=\/wp\/v2\/pages\/87\/revisions\/3547"}],"wp:attachment":[{"href":"https:\/\/melaniesengbusch.de\/index.php?rest_route=%2Fwp%2Fv2%2Fmedia&parent=87"}],"curies":[{"name":"wp","href":"https:\/\/api.w.org\/{rel}","templated":true}]}}