{"id":440,"date":"2020-03-25T08:18:08","date_gmt":"2020-03-25T08:18:08","guid":{"rendered":"http:\/\/melaniesengbusch.de\/?page_id=440"},"modified":"2024-01-04T13:06:30","modified_gmt":"2024-01-04T13:06:30","slug":"ablauf-dauer-kosten","status":"publish","type":"page","link":"https:\/\/melaniesengbusch.de\/?page_id=440","title":{"rendered":"Ablauf, Dauer &#038; Kosten"},"content":{"rendered":"\t\t<div data-elementor-type=\"wp-page\" data-elementor-id=\"440\" class=\"elementor elementor-440\">\n\t\t\t\t\t\t<section class=\"elementor-section elementor-top-section elementor-element elementor-element-20a21d6 elementor-section-boxed elementor-section-height-default elementor-section-height-default\" data-id=\"20a21d6\" data-element_type=\"section\">\n\t\t\t\t\t\t<div class=\"elementor-container elementor-column-gap-default\">\n\t\t\t\t\t<div class=\"elementor-column elementor-col-100 elementor-top-column elementor-element elementor-element-1199a5e\" data-id=\"1199a5e\" data-element_type=\"column\">\n\t\t\t<div class=\"elementor-widget-wrap elementor-element-populated\">\n\t\t\t\t\t\t<div class=\"elementor-element elementor-element-1dea248 elementor-widget elementor-widget-text-editor\" data-id=\"1dea248\" data-element_type=\"widget\" data-widget_type=\"text-editor.default\">\n\t\t\t\t<div class=\"elementor-widget-container\">\n\t\t\t\t\t\t\t\t\t<p><strong>Ablauf<\/strong><\/p><ol><li>Sie schreiben mir eine E-Mail oder rufen mich an und wir vereinbaren einen Termin f\u00fcr ein unverbindliches Erstgespr\u00e4ch<\/li><li>Wir entscheiden uns f\u00fcr eine Zusammenarbeit und vereinbaren regelm\u00e4\u00dfig Termine<\/li><li>Wir kl\u00e4ren das Anliegen gr\u00fcndlich und legen Ziele fest<\/li><li>Wir analysieren Ihre Situation umfassend<\/li><li>Wir ermitteln die f\u00fcr Sie passenden Methoden und Aufgaben f\u00fcr Zuhause<\/li><li>Wir \u00fcberpr\u00fcfen kontinuierlich die Entwicklung<\/li><li>Wir machen eine Abschlussreflexion<\/li><li>Wir vereinbaren auf Wunsch ein Follow-up in gr\u00f6\u00dferen Abst\u00e4nden<\/li><\/ol><p>\u00a0<\/p><p><strong>Dauer<\/strong><\/p><p>Selbstverst\u00e4ndlich ist die Dauer immer individuell. Nach einer ersten Phase des Kennenlernens und der Anamnese folgt ein Zeitraum mit \u00dcbungen und regelm\u00e4\u00dfigen Gespr\u00e4chen. Wir k\u00f6nnen jederzeit \u00fcber die Art und die Dauer der Therapie sprechen, die Entwicklung evaluieren und den Rhythmus anpassen. Manchmal reichen auch ein paar Termine, damit sich erste Erfolge einstellen und Sie mit dem erlernten Wissen und der Erfahrung aus den Sitzungen, Ihre Ziele selbstbestimmt weiterverfolgen k\u00f6nnen.<\/p><p>\u00a0<\/p><p><strong>Kosten<\/strong><\/p><p>Die Termine finden in der Praxis in Bad Segeberg statt. In Einzelf\u00e4llen arbeite ich zus\u00e4tzlich mit Telefongespr\u00e4chen oder aufsuchend.<\/p><p>Honorar f\u00fcr eine Session 50 min. = 95 EURO<\/p><p>F\u00fcr Geringverdienende, Studenten etc. biete ich einen Sozialtarif an. Bitte schreiben Sie mich diesbez\u00fcglich an und wir ermitteln entsprechende Konditionen<\/p><div>\u00a0<\/div><div>\u00a0<\/div><p><em>Diese Leistungen sind Selbstzahler Leistungen. <\/em><em>Mein Honorar als Heilpraktikerin f\u00fcr Psychotherapie ist eine Privatleistung. Im Einzelfall \u00fcbernehmen Versicherungen Leistungen durch Heilpraktiker f\u00fcr Psychotherapie anteilig, bitte informieren Sie sich dazu bei Ihrer Krankenkasse.<br \/><\/em><\/p><div>\u00a0<\/div><div>\u00a0<\/div>\t\t\t\t\t\t\t\t<\/div>\n\t\t\t\t<\/div>\n\t\t\t\t\t<\/div>\n\t\t<\/div>\n\t\t\t\t\t<\/div>\n\t\t<\/section>\n\t\t\t\t<\/div>\n\t\t","protected":false},"excerpt":{"rendered":"<p>Ablauf Sie schreiben mir eine E-Mail oder rufen mich an und wir vereinbaren einen Termin f\u00fcr ein unverbindliches Erstgespr\u00e4ch Wir entscheiden uns f\u00fcr eine Zusammenarbeit und vereinbaren regelm\u00e4\u00dfig Termine Wir kl\u00e4ren das Anliegen gr\u00fcndlich und legen Ziele fest Wir analysieren Ihre Situation umfassend Wir ermitteln die f\u00fcr Sie passenden Methoden und Aufgaben f\u00fcr Zuhause Wir &hellip; <\/p>\n<p class=\"link-more\"><a href=\"https:\/\/melaniesengbusch.de\/?page_id=440\" class=\"more-link\">Mehr <span class=\"screen-reader-text\">\u00fcber &#8222;Ablauf, Dauer &#038; Kosten&#8220; <\/span>Lesen<\/a><\/p>\n","protected":false},"author":1,"featured_media":0,"parent":0,"menu_order":0,"comment_status":"closed","ping_status":"closed","template":"","meta":{"footnotes":""},"class_list":["post-440","page","type-page","status-publish","hentry"],"featured_media_urls":[],"_links":{"self":[{"href":"https:\/\/melaniesengbusch.de\/index.php?rest_route=\/wp\/v2\/pages\/440","targetHints":{"allow":["GET"]}}],"collection":[{"href":"https:\/\/melaniesengbusch.de\/index.php?rest_route=\/wp\/v2\/pages"}],"about":[{"href":"https:\/\/melaniesengbusch.de\/index.php?rest_route=\/wp\/v2\/types\/page"}],"author":[{"embeddable":true,"href":"https:\/\/melaniesengbusch.de\/index.php?rest_route=\/wp\/v2\/users\/1"}],"replies":[{"embeddable":true,"href":"https:\/\/melaniesengbusch.de\/index.php?rest_route=%2Fwp%2Fv2%2Fcomments&post=440"}],"version-history":[{"count":249,"href":"https:\/\/melaniesengbusch.de\/index.php?rest_route=\/wp\/v2\/pages\/440\/revisions"}],"predecessor-version":[{"id":3438,"href":"https:\/\/melaniesengbusch.de\/index.php?rest_route=\/wp\/v2\/pages\/440\/revisions\/3438"}],"wp:attachment":[{"href":"https:\/\/melaniesengbusch.de\/index.php?rest_route=%2Fwp%2Fv2%2Fmedia&parent=440"}],"curies":[{"name":"wp","href":"https:\/\/api.w.org\/{rel}","templated":true}]}}