{"id":374,"date":"2020-02-24T09:44:48","date_gmt":"2020-02-24T09:44:48","guid":{"rendered":"http:\/\/melaniesengbusch.de\/?page_id=374"},"modified":"2025-12-20T06:25:32","modified_gmt":"2025-12-20T06:25:32","slug":"einzelcoaching","status":"publish","type":"page","link":"https:\/\/melaniesengbusch.de\/?page_id=374","title":{"rendered":"Einzelgespr\u00e4che"},"content":{"rendered":"\t\t<div data-elementor-type=\"wp-page\" data-elementor-id=\"374\" class=\"elementor elementor-374\">\n\t\t\t\t\t\t<section class=\"elementor-section elementor-top-section elementor-element elementor-element-dcc7602 elementor-section-boxed elementor-section-height-default elementor-section-height-default\" data-id=\"dcc7602\" data-element_type=\"section\">\n\t\t\t\t\t\t<div class=\"elementor-container elementor-column-gap-default\">\n\t\t\t\t\t<div class=\"elementor-column elementor-col-100 elementor-top-column elementor-element elementor-element-1501b76\" data-id=\"1501b76\" data-element_type=\"column\">\n\t\t\t<div class=\"elementor-widget-wrap elementor-element-populated\">\n\t\t\t\t\t\t<div class=\"elementor-element elementor-element-2dc0320 elementor-widget__width-initial elementor-widget elementor-widget-text-editor\" data-id=\"2dc0320\" data-element_type=\"widget\" data-widget_type=\"text-editor.default\">\n\t\t\t\t<div class=\"elementor-widget-container\">\n\t\t\t\t\t\t\t\t\t<p>All unsere Lebenserfahrungen auf gesunde Weise zu integrieren, unterdr\u00fcckte Gef\u00fchle zu f\u00fchlen und verdr\u00e4ngte Bed\u00fcrfnisse zu sp\u00fcren, ist nicht immer leicht. In diesem Prozess der Erkenntnis und Entwicklung kann es hilfreich sein, eine kompetente und einf\u00fchlsame Begleitung zu haben, um gemeinsam mit Schmerz, \u00c4ngsten und Ver\u00e4nderungen umzugehen, eine fachliche Reflexion zu erfahren und sinnvolle Impulse zu erhalten.<\/p><p><img fetchpriority=\"high\" decoding=\"async\" class=\"alignright wp-image-2065\" src=\"https:\/\/melaniesengbusch.de\/wp-content\/uploads\/2021\/11\/tempFileForShare_20211111-113836-240x300.jpg\" sizes=\"(max-width: 440px) 100vw, 440px\" srcset=\"https:\/\/melaniesengbusch.de\/wp-content\/uploads\/2021\/11\/tempFileForShare_20211111-113836-240x300.jpg 240w, https:\/\/melaniesengbusch.de\/wp-content\/uploads\/2021\/11\/tempFileForShare_20211111-113836.jpg 720w\" alt=\"\" width=\"499\" height=\"623\" \/><\/p><p><em>Nicht zum Ausdruck gebrachte Gef\u00fchle werden niemals sterben. Sie werden lebendig begraben und kommen sp\u00e4ter auf h\u00e4sslichere Weise hervor. <\/em>Sigmund Freud<\/p><p>Wie Sie Ihren Gef\u00fchlen Ausdruck verleihen k\u00f6nnen, welche unbewussten Konflikte Ihren Beschwerden m\u00f6glicherweise zugrunde liegen und wie Sie diese aufl\u00f6sen k\u00f6nnten, das k\u00f6nnen wir gemeinsam entdecken. Ich arbeite mit Methoden verschiedener Therapieschulen.\u00a0 Sowohl der praktische Ansatz\u00a0 aus der Verhaltenstherapie, als auch tiefenpsychologische Arbeit, sowie Wissen aus der Psychoanalyse k\u00f6nnen hilfreich kombiniert werden.\u00a0 Mit ausgepr\u00e4gtem Mitgef\u00fchl und umfassendem Fachwissen begleite ich Sie professionell auf Ihrem pers\u00f6nlichen Weg.<\/p><p><strong>Schwerpunkte:<\/strong><\/p><ul><li>Stress &amp; Burnout<\/li><li>Depressionen (leicht bis mittelschwer)<\/li><li>\u00c4ngste\u00a0<\/li><li>Trauer<\/li><li>Suchtverhalten<\/li><li>Beziehungs- &amp; Bindungsst\u00f6rungen<\/li><\/ul>\t\t\t\t\t\t\t\t<\/div>\n\t\t\t\t<\/div>\n\t\t\t\t\t<\/div>\n\t\t<\/div>\n\t\t\t\t\t<\/div>\n\t\t<\/section>\n\t\t\t\t<section class=\"elementor-section elementor-top-section elementor-element elementor-element-b89870d elementor-section-boxed elementor-section-height-default elementor-section-height-default\" data-id=\"b89870d\" data-element_type=\"section\">\n\t\t\t\t\t\t<div class=\"elementor-container elementor-column-gap-default\">\n\t\t\t\t\t<div class=\"elementor-column elementor-col-100 elementor-top-column elementor-element elementor-element-1e3ce75\" data-id=\"1e3ce75\" data-element_type=\"column\">\n\t\t\t<div class=\"elementor-widget-wrap elementor-element-populated\">\n\t\t\t\t\t\t<div class=\"elementor-element elementor-element-bcf8182 elementor-widget elementor-widget-spacer\" data-id=\"bcf8182\" data-element_type=\"widget\" data-widget_type=\"spacer.default\">\n\t\t\t\t<div class=\"elementor-widget-container\">\n\t\t\t\t\t\t\t<div class=\"elementor-spacer\">\n\t\t\t<div class=\"elementor-spacer-inner\"><\/div>\n\t\t<\/div>\n\t\t\t\t\t\t<\/div>\n\t\t\t\t<\/div>\n\t\t\t\t<div class=\"elementor-element elementor-element-ff832f0 elementor-widget elementor-widget-heading\" data-id=\"ff832f0\" data-element_type=\"widget\" data-widget_type=\"heading.default\">\n\t\t\t\t<div class=\"elementor-widget-container\">\n\t\t\t\t\t<h2 class=\"elementor-heading-title elementor-size-default\">Depressionspr\u00e4vention<\/h2>\t\t\t\t<\/div>\n\t\t\t\t<\/div>\n\t\t\t\t\t<\/div>\n\t\t<\/div>\n\t\t\t\t\t<\/div>\n\t\t<\/section>\n\t\t<div class=\"elementor-element elementor-element-0968ef7 e-flex e-con-boxed e-con e-parent\" data-id=\"0968ef7\" data-element_type=\"container\">\n\t\t\t\t\t<div class=\"e-con-inner\">\n\t\t\t\t<div class=\"elementor-element elementor-element-61781d2 elementor-widget elementor-widget-text-editor\" data-id=\"61781d2\" data-element_type=\"widget\" data-widget_type=\"text-editor.default\">\n\t\t\t\t<div class=\"elementor-widget-container\">\n\t\t\t\t\t\t\t\t\t<p><img decoding=\"async\" class=\"alignleft wp-image-3516\" src=\"https:\/\/melaniesengbusch.de\/wp-content\/uploads\/2025\/06\/Sengbusch_selv-3D-181x300.jpg\" alt=\"\" width=\"251\" height=\"416\" srcset=\"https:\/\/melaniesengbusch.de\/wp-content\/uploads\/2025\/06\/Sengbusch_selv-3D-181x300.jpg 181w, https:\/\/melaniesengbusch.de\/wp-content\/uploads\/2025\/06\/Sengbusch_selv-3D-617x1024.jpg 617w, https:\/\/melaniesengbusch.de\/wp-content\/uploads\/2025\/06\/Sengbusch_selv-3D.jpg 1080w\" sizes=\"(max-width: 251px) 100vw, 251px\" \/>Basierend auf dem &#8222;selv&#8220;-Ansatz bietet Melanie Sengbusch eine <br \/>Veranstaltung f\u00fcr Schulen, Einrichtungen, Vereine und Unternehmen an, die Sch\u00fcler:innen, Auszubildende und Fachkr\u00e4fte zur St\u00e4rkung mentaler Gesundheit f\u00fcr sich nutzen k\u00f6nnen.<\/p><p>Diese Veranstaltung bietet das Erlebnis einer Lesung mit einer Betroffenen <br \/>verkn\u00fcpft mit psychoedukativem Wissen einer Fachkraft an. Interaktive <br \/>Teile zum Austausch und zur Selbsterfahrung praktischer Strategien zur <br \/>Pr\u00e4vention von Depressionen runden das Event ab.<\/p><p>Als Betroffene und als Fachkraft im Gesundheitswesen wird das Thema Depression den <br \/>Veranstaltungsteilnehmer:innen durch Melanie auf eine authentische und professionelle <br \/>Weise zug\u00e4nglich gemacht. Sie bietet einen einzigartigen Doppelblick: Patientin und Therapeutin.<\/p><p>\u00a0<\/p><p>Die zweist\u00fcndigen Events bieten:<\/p><ul><li>Strategien zur F\u00f6rderung der psychischen Gesundheit und zur Vorbeugung von Depressionen<\/li><li>Pers\u00f6nliche Erz\u00e4hlungen und professionelle Einblicke<\/li><li>Teilen von Erfahrungen und Fachwissen, um das Verst\u00e4ndnis f\u00fcr Depressionen zu vertiefen<\/li><\/ul><p>Fordern Sie die kostenfreie Veranstaltungs-PDF mit allen Informationen jetzt einfach per E-Mail an: kontakt@melaniesengbusch.de<\/p>\t\t\t\t\t\t\t\t<\/div>\n\t\t\t\t<\/div>\n\t\t\t\t\t<\/div>\n\t\t\t\t<\/div>\n\t\t\t\t<\/div>\n\t\t","protected":false},"excerpt":{"rendered":"<p>All unsere Lebenserfahrungen auf gesunde Weise zu integrieren, unterdr\u00fcckte Gef\u00fchle zu f\u00fchlen und verdr\u00e4ngte Bed\u00fcrfnisse zu sp\u00fcren, ist nicht immer leicht. In diesem Prozess der Erkenntnis und Entwicklung kann es hilfreich sein, eine kompetente und einf\u00fchlsame Begleitung zu haben, um gemeinsam mit Schmerz, \u00c4ngsten und Ver\u00e4nderungen umzugehen, eine fachliche Reflexion zu erfahren und sinnvolle Impulse &hellip; <\/p>\n<p class=\"link-more\"><a href=\"https:\/\/melaniesengbusch.de\/?page_id=374\" class=\"more-link\">Mehr <span class=\"screen-reader-text\">\u00fcber &#8222;Einzelgespr\u00e4che&#8220; <\/span>Lesen<\/a><\/p>\n","protected":false},"author":1,"featured_media":0,"parent":0,"menu_order":0,"comment_status":"closed","ping_status":"closed","template":"","meta":{"footnotes":""},"class_list":["post-374","page","type-page","status-publish","hentry"],"featured_media_urls":[],"_links":{"self":[{"href":"https:\/\/melaniesengbusch.de\/index.php?rest_route=\/wp\/v2\/pages\/374","targetHints":{"allow":["GET"]}}],"collection":[{"href":"https:\/\/melaniesengbusch.de\/index.php?rest_route=\/wp\/v2\/pages"}],"about":[{"href":"https:\/\/melaniesengbusch.de\/index.php?rest_route=\/wp\/v2\/types\/page"}],"author":[{"embeddable":true,"href":"https:\/\/melaniesengbusch.de\/index.php?rest_route=\/wp\/v2\/users\/1"}],"replies":[{"embeddable":true,"href":"https:\/\/melaniesengbusch.de\/index.php?rest_route=%2Fwp%2Fv2%2Fcomments&post=374"}],"version-history":[{"count":237,"href":"https:\/\/melaniesengbusch.de\/index.php?rest_route=\/wp\/v2\/pages\/374\/revisions"}],"predecessor-version":[{"id":3538,"href":"https:\/\/melaniesengbusch.de\/index.php?rest_route=\/wp\/v2\/pages\/374\/revisions\/3538"}],"wp:attachment":[{"href":"https:\/\/melaniesengbusch.de\/index.php?rest_route=%2Fwp%2Fv2%2Fmedia&parent=374"}],"curies":[{"name":"wp","href":"https:\/\/api.w.org\/{rel}","templated":true}]}}