{"id":221,"date":"2019-11-27T08:32:00","date_gmt":"2019-11-27T08:32:00","guid":{"rendered":"http:\/\/melaniesengbusch.de\/?page_id=221"},"modified":"2025-12-20T06:31:00","modified_gmt":"2025-12-20T06:31:00","slug":"die-ganzheitliche-analyse-2","status":"publish","type":"page","link":"https:\/\/melaniesengbusch.de\/?page_id=221","title":{"rendered":"Der ganzheitliche selv-Ansatz"},"content":{"rendered":"\t\t<div data-elementor-type=\"wp-page\" data-elementor-id=\"221\" class=\"elementor elementor-221\">\n\t\t\t\t\t\t<section class=\"elementor-section elementor-top-section elementor-element elementor-element-32b9730 elementor-section-boxed elementor-section-height-default elementor-section-height-default\" data-id=\"32b9730\" data-element_type=\"section\">\n\t\t\t\t\t\t<div class=\"elementor-container elementor-column-gap-default\">\n\t\t\t\t\t<div class=\"elementor-column elementor-col-100 elementor-top-column elementor-element elementor-element-c5a1138\" data-id=\"c5a1138\" data-element_type=\"column\">\n\t\t\t<div class=\"elementor-widget-wrap elementor-element-populated\">\n\t\t\t\t\t\t<div class=\"elementor-element elementor-element-1742133 elementor-widget elementor-widget-spacer\" data-id=\"1742133\" data-element_type=\"widget\" data-widget_type=\"spacer.default\">\n\t\t\t\t<div class=\"elementor-widget-container\">\n\t\t\t\t\t\t\t<div class=\"elementor-spacer\">\n\t\t\t<div class=\"elementor-spacer-inner\"><\/div>\n\t\t<\/div>\n\t\t\t\t\t\t<\/div>\n\t\t\t\t<\/div>\n\t\t\t\t\t<\/div>\n\t\t<\/div>\n\t\t\t\t\t<\/div>\n\t\t<\/section>\n\t\t\t\t<section class=\"elementor-section elementor-top-section elementor-element elementor-element-eeebcd2 elementor-section-boxed elementor-section-height-default elementor-section-height-default\" data-id=\"eeebcd2\" data-element_type=\"section\">\n\t\t\t\t\t\t<div class=\"elementor-container elementor-column-gap-default\">\n\t\t\t\t\t<div class=\"elementor-column elementor-col-100 elementor-top-column elementor-element elementor-element-3a499fe\" data-id=\"3a499fe\" data-element_type=\"column\">\n\t\t\t<div class=\"elementor-widget-wrap elementor-element-populated\">\n\t\t\t\t\t\t<div class=\"elementor-element elementor-element-b770852 elementor-widget elementor-widget-heading\" data-id=\"b770852\" data-element_type=\"widget\" data-widget_type=\"heading.default\">\n\t\t\t\t<div class=\"elementor-widget-container\">\n\t\t\t\t\t<h2 class=\"elementor-heading-title elementor-size-default\">\u00dcber Bewusstwerdung - zum Vertrauen - zum Erfolg<\/h2>\t\t\t\t<\/div>\n\t\t\t\t<\/div>\n\t\t\t\t\t<\/div>\n\t\t<\/div>\n\t\t\t\t\t<\/div>\n\t\t<\/section>\n\t\t\t\t<section class=\"elementor-section elementor-top-section elementor-element elementor-element-b1a5de0 elementor-section-boxed elementor-section-height-default elementor-section-height-default\" data-id=\"b1a5de0\" data-element_type=\"section\">\n\t\t\t\t\t\t<div class=\"elementor-container elementor-column-gap-default\">\n\t\t\t\t\t<div class=\"elementor-column elementor-col-100 elementor-top-column elementor-element elementor-element-a3e8d18\" data-id=\"a3e8d18\" data-element_type=\"column\">\n\t\t\t<div class=\"elementor-widget-wrap elementor-element-populated\">\n\t\t\t\t\t\t<div class=\"elementor-element elementor-element-f72a607 elementor-widget elementor-widget-text-editor\" data-id=\"f72a607\" data-element_type=\"widget\" data-widget_type=\"text-editor.default\">\n\t\t\t\t<div class=\"elementor-widget-container\">\n\t\t\t\t\t\t\t\t\t<p>Die vier Phasen der Pers\u00f6nlichkeitsentwicklung nach dem ganzheitlichen<strong> selv-Ansatz<\/strong>:<\/p><p style=\"text-align: left;\">Die erste Phase ist: die <strong>Selbsterkenntnis<\/strong>. Wer sich selbst, seine St\u00e4rken und Schw\u00e4chen, seine Bed\u00fcrfnisse, seine Werte, seine Konflikte und Verletzungen erkannt hat, hat auch die Chance, sich mit all dem anzunehmen und weiterzuentwickeln.<\/p><p style=\"text-align: left;\">Die zweite Phase ist: die <strong>Selbstliebe<\/strong>. Sind wir uns \u00fcber uns selbst bewusst und befinden uns in einem liebevollen Zustand, k\u00f6nnen wir uns in unserer Gesamtheit zeigen, uns annehmen, \u00f6ffnen und unsere Ziele mit freudvoller Gelassenheit angehen.<\/p><p style=\"text-align: left;\">In der dritten Phase: der <strong>Selbstverwirklichung<\/strong>, geht es darum, das erkannte Potential zu entfalten und seine Vision zu leben.<\/p><p style=\"text-align: left;\">Die vierte Phase ist die Erfahrung von Zufriedenheit und ein Wirken in der Welt aus einem neuen Lebensgef\u00fchl heraus, gepr\u00e4gt von Freude und Gelassenheit.<\/p><p>Der Name selv erschlie\u00dft sich aus den Begriffen: <b>S<\/b>elbst, <b>E<\/b>rkenntnis, <b>L<\/b>iebe und <b>V<\/b>erwirklichung. Ausgehend davon, dass Selbsterkenntnis, -liebe und -verwirklichung Grund und Ziel therapeutischerArbeit sind, beschreibt der Begriff selv zugleich elementare Phasen der Pers\u00f6nlichkeitsentwicklung und vereint in sich den methodisch-ideellen Ansatz meiner therapeutischen Arbeit.<\/p><p>Alles \u00fcber die Arbeit mit selv gibt es auch in meinem Buch.<\/p><p><a href=\"https:\/\/www.lovelybooks.de\/autor\/Melanie-Sengbusch\/selv-13496784492-w\/\">Mehr Infos zu selv<\/a><\/p><p><img fetchpriority=\"high\" decoding=\"async\" class=\"alignnone size-medium wp-image-3456\" src=\"https:\/\/melaniesengbusch.de\/wp-content\/uploads\/2024\/07\/Sengbusch_selv-3D-181x300.jpg\" alt=\"\" width=\"181\" height=\"300\" srcset=\"https:\/\/melaniesengbusch.de\/wp-content\/uploads\/2024\/07\/Sengbusch_selv-3D-181x300.jpg 181w, https:\/\/melaniesengbusch.de\/wp-content\/uploads\/2024\/07\/Sengbusch_selv-3D-617x1024.jpg 617w, https:\/\/melaniesengbusch.de\/wp-content\/uploads\/2024\/07\/Sengbusch_selv-3D.jpg 1080w\" sizes=\"(max-width: 181px) 100vw, 181px\" \/><\/p>\t\t\t\t\t\t\t\t<\/div>\n\t\t\t\t<\/div>\n\t\t\t\t\t<\/div>\n\t\t<\/div>\n\t\t\t\t\t<\/div>\n\t\t<\/section>\n\t\t<div class=\"elementor-element elementor-element-183143e e-flex e-con-boxed e-con e-parent\" data-id=\"183143e\" data-element_type=\"container\">\n\t\t\t\t\t<div class=\"e-con-inner\">\n\t\t\t\t<div class=\"elementor-element elementor-element-2af48de elementor-widget elementor-widget-spacer\" data-id=\"2af48de\" data-element_type=\"widget\" data-widget_type=\"spacer.default\">\n\t\t\t\t<div class=\"elementor-widget-container\">\n\t\t\t\t\t\t\t<div class=\"elementor-spacer\">\n\t\t\t<div class=\"elementor-spacer-inner\"><\/div>\n\t\t<\/div>\n\t\t\t\t\t\t<\/div>\n\t\t\t\t<\/div>\n\t\t\t\t\t<\/div>\n\t\t\t\t<\/div>\n\t\t\t\t<section class=\"elementor-section elementor-top-section elementor-element elementor-element-0ffd1c2 elementor-section-boxed elementor-section-height-default elementor-section-height-default\" data-id=\"0ffd1c2\" data-element_type=\"section\">\n\t\t\t\t\t\t<div class=\"elementor-container elementor-column-gap-default\">\n\t\t\t\t\t<div class=\"elementor-column elementor-col-100 elementor-top-column elementor-element elementor-element-d79aa1e\" data-id=\"d79aa1e\" data-element_type=\"column\">\n\t\t\t<div class=\"elementor-widget-wrap elementor-element-populated\">\n\t\t\t\t\t\t<div class=\"elementor-element elementor-element-2478891 elementor-widget elementor-widget-spacer\" data-id=\"2478891\" data-element_type=\"widget\" data-widget_type=\"spacer.default\">\n\t\t\t\t<div class=\"elementor-widget-container\">\n\t\t\t\t\t\t\t<div class=\"elementor-spacer\">\n\t\t\t<div class=\"elementor-spacer-inner\"><\/div>\n\t\t<\/div>\n\t\t\t\t\t\t<\/div>\n\t\t\t\t<\/div>\n\t\t\t\t\t<\/div>\n\t\t<\/div>\n\t\t\t\t\t<\/div>\n\t\t<\/section>\n\t\t\t\t<section class=\"elementor-section elementor-top-section elementor-element elementor-element-ee6de04 elementor-section-boxed elementor-section-height-default elementor-section-height-default\" data-id=\"ee6de04\" data-element_type=\"section\">\n\t\t\t\t\t\t<div class=\"elementor-container elementor-column-gap-default\">\n\t\t\t\t\t<div class=\"elementor-column elementor-col-100 elementor-top-column elementor-element elementor-element-113ffa6\" data-id=\"113ffa6\" data-element_type=\"column\">\n\t\t\t<div class=\"elementor-widget-wrap elementor-element-populated\">\n\t\t\t\t\t\t<div class=\"elementor-element elementor-element-bb9f461 elementor-widget elementor-widget-spacer\" data-id=\"bb9f461\" data-element_type=\"widget\" data-widget_type=\"spacer.default\">\n\t\t\t\t<div class=\"elementor-widget-container\">\n\t\t\t\t\t\t\t<div class=\"elementor-spacer\">\n\t\t\t<div class=\"elementor-spacer-inner\"><\/div>\n\t\t<\/div>\n\t\t\t\t\t\t<\/div>\n\t\t\t\t<\/div>\n\t\t\t\t\t<\/div>\n\t\t<\/div>\n\t\t\t\t\t<\/div>\n\t\t<\/section>\n\t\t\t\t<section class=\"elementor-section elementor-top-section elementor-element elementor-element-19b6c98 elementor-section-boxed elementor-section-height-default elementor-section-height-default\" data-id=\"19b6c98\" data-element_type=\"section\">\n\t\t\t\t\t\t<div class=\"elementor-container elementor-column-gap-default\">\n\t\t\t\t\t<div class=\"elementor-column elementor-col-100 elementor-top-column elementor-element elementor-element-5a894f4\" data-id=\"5a894f4\" data-element_type=\"column\">\n\t\t\t<div class=\"elementor-widget-wrap elementor-element-populated\">\n\t\t\t\t\t\t<div class=\"elementor-element elementor-element-2b46e79 elementor-widget elementor-widget-spacer\" data-id=\"2b46e79\" data-element_type=\"widget\" data-widget_type=\"spacer.default\">\n\t\t\t\t<div class=\"elementor-widget-container\">\n\t\t\t\t\t\t\t<div class=\"elementor-spacer\">\n\t\t\t<div class=\"elementor-spacer-inner\"><\/div>\n\t\t<\/div>\n\t\t\t\t\t\t<\/div>\n\t\t\t\t<\/div>\n\t\t\t\t\t<\/div>\n\t\t<\/div>\n\t\t\t\t\t<\/div>\n\t\t<\/section>\n\t\t\t\t<\/div>\n\t\t","protected":false},"excerpt":{"rendered":"<p>\u00dcber Bewusstwerdung &#8211; zum Vertrauen &#8211; zum Erfolg Die vier Phasen der Pers\u00f6nlichkeitsentwicklung nach dem ganzheitlichen selv-Ansatz: Die erste Phase ist: die Selbsterkenntnis. Wer sich selbst, seine St\u00e4rken und Schw\u00e4chen, seine Bed\u00fcrfnisse, seine Werte, seine Konflikte und Verletzungen erkannt hat, hat auch die Chance, sich mit all dem anzunehmen und weiterzuentwickeln. Die zweite Phase ist: &hellip; <\/p>\n<p class=\"link-more\"><a href=\"https:\/\/melaniesengbusch.de\/?page_id=221\" class=\"more-link\">Mehr <span class=\"screen-reader-text\">\u00fcber &#8222;Der ganzheitliche selv-Ansatz&#8220; <\/span>Lesen<\/a><\/p>\n","protected":false},"author":1,"featured_media":0,"parent":0,"menu_order":0,"comment_status":"closed","ping_status":"closed","template":"","meta":{"footnotes":""},"class_list":["post-221","page","type-page","status-publish","hentry"],"featured_media_urls":[],"_links":{"self":[{"href":"https:\/\/melaniesengbusch.de\/index.php?rest_route=\/wp\/v2\/pages\/221","targetHints":{"allow":["GET"]}}],"collection":[{"href":"https:\/\/melaniesengbusch.de\/index.php?rest_route=\/wp\/v2\/pages"}],"about":[{"href":"https:\/\/melaniesengbusch.de\/index.php?rest_route=\/wp\/v2\/types\/page"}],"author":[{"embeddable":true,"href":"https:\/\/melaniesengbusch.de\/index.php?rest_route=\/wp\/v2\/users\/1"}],"replies":[{"embeddable":true,"href":"https:\/\/melaniesengbusch.de\/index.php?rest_route=%2Fwp%2Fv2%2Fcomments&post=221"}],"version-history":[{"count":166,"href":"https:\/\/melaniesengbusch.de\/index.php?rest_route=\/wp\/v2\/pages\/221\/revisions"}],"predecessor-version":[{"id":3541,"href":"https:\/\/melaniesengbusch.de\/index.php?rest_route=\/wp\/v2\/pages\/221\/revisions\/3541"}],"wp:attachment":[{"href":"https:\/\/melaniesengbusch.de\/index.php?rest_route=%2Fwp%2Fv2%2Fmedia&parent=221"}],"curies":[{"name":"wp","href":"https:\/\/api.w.org\/{rel}","templated":true}]}}