{"id":127,"date":"2019-11-13T10:49:54","date_gmt":"2019-11-13T10:49:54","guid":{"rendered":"http:\/\/melaniesengbusch.de\/?page_id=127"},"modified":"2025-12-20T06:14:44","modified_gmt":"2025-12-20T06:14:44","slug":"sich-selbst-erkennen-lieben-lernen-und-verwirklichen","status":"publish","type":"page","link":"https:\/\/melaniesengbusch.de\/","title":{"rendered":"INNER PEACE MATTERS MOST"},"content":{"rendered":"\t\t<div data-elementor-type=\"wp-page\" data-elementor-id=\"127\" class=\"elementor elementor-127\">\n\t\t\t\t\t\t<section class=\"elementor-section elementor-top-section elementor-element elementor-element-1e36b13 elementor-section-boxed elementor-section-height-default elementor-section-height-default\" data-id=\"1e36b13\" data-element_type=\"section\">\n\t\t\t\t\t\t<div class=\"elementor-container elementor-column-gap-default\">\n\t\t\t\t\t<div class=\"elementor-column elementor-col-66 elementor-top-column elementor-element elementor-element-f02661b\" data-id=\"f02661b\" data-element_type=\"column\">\n\t\t\t<div class=\"elementor-widget-wrap elementor-element-populated\">\n\t\t\t\t\t\t<div class=\"elementor-element elementor-element-c21f219 elementor-widget elementor-widget-text-editor\" data-id=\"c21f219\" data-element_type=\"widget\" data-widget_type=\"text-editor.default\">\n\t\t\t\t<div class=\"elementor-widget-container\">\n\t\t\t\t\t\t\t\t\t<p><strong>Wobei ich Sie unterst\u00fctzen kann:<\/strong><\/p><ul><li>Stress &amp; Burnout<\/li><li>Depressionen (leicht bis mittelschwer)<\/li><li>\u00c4ngste<\/li><li>Beziehungs- &amp; Bindungsst\u00f6rungen<\/li><li>Suchtverhalten<\/li><li>Bewusstwerdung \u00fcber innere Konflikte &amp; Blockaden<\/li><li>Klarheit \u00fcber eigene Ziele &amp; Bed\u00fcrfnisse<\/li><\/ul><p><strong>Was Sie von mir erwarten k\u00f6nnen:<\/strong><\/p><ul><li>Umfassende Analyse &amp; individuelle Strategien<\/li><li>Fundiertes Fachwissen\u00a0<\/li><li>Langj\u00e4hrige Erfahrung in der Arbeit mit Menschen<\/li><li>Professionelle und einf\u00fchlsame Beratung<\/li><li>Absolute Vertraulichkeit<\/li><\/ul>\t\t\t\t\t\t\t\t<\/div>\n\t\t\t\t<\/div>\n\t\t\t\t\t<\/div>\n\t\t<\/div>\n\t\t\t\t<div class=\"elementor-column elementor-col-33 elementor-top-column elementor-element elementor-element-54044f7\" data-id=\"54044f7\" data-element_type=\"column\">\n\t\t\t<div class=\"elementor-widget-wrap elementor-element-populated\">\n\t\t\t\t\t\t<div class=\"elementor-element elementor-element-2d9b028 elementor-widget elementor-widget-text-editor\" data-id=\"2d9b028\" data-element_type=\"widget\" data-widget_type=\"text-editor.default\">\n\t\t\t\t<div class=\"elementor-widget-container\">\n\t\t\t\t\t\t\t\t\t<p><strong>Herzlich Willkommen auf meiner Website.<\/strong><\/p><p>Kontaktieren Sie mich gern f\u00fcr ein unverbindliches Erstgespr\u00e4ch.<\/p><p>Termin vereinbaren unter: <strong>0151-59451315<\/strong><\/p><p>Oder per Mail: <strong>kontakt@melaniesengbusch.de<\/strong><\/p><p><img fetchpriority=\"high\" decoding=\"async\" class=\"alignnone size-medium wp-image-3456\" src=\"https:\/\/melaniesengbusch.de\/wp-content\/uploads\/2024\/07\/Sengbusch_selv-3D-181x300.jpg\" alt=\"\" width=\"181\" height=\"300\" srcset=\"https:\/\/melaniesengbusch.de\/wp-content\/uploads\/2024\/07\/Sengbusch_selv-3D-181x300.jpg 181w, https:\/\/melaniesengbusch.de\/wp-content\/uploads\/2024\/07\/Sengbusch_selv-3D-617x1024.jpg 617w, https:\/\/melaniesengbusch.de\/wp-content\/uploads\/2024\/07\/Sengbusch_selv-3D.jpg 1080w\" sizes=\"(max-width: 181px) 100vw, 181px\" \/><\/p><p>Mehr Infos zum Buch: <a href=\"https:\/\/melaniesengbusch.de\/?page_id=221\">selv<\/a><\/p><h3><em>Wer zugleich seine Schatten und sein Licht wahrnimmt, sieht sich von zwei Seiten und damit kommt er in die Mitte.<\/em><\/h3><h3>C.G. Jung<\/h3>\t\t\t\t\t\t\t\t<\/div>\n\t\t\t\t<\/div>\n\t\t\t\t\t<\/div>\n\t\t<\/div>\n\t\t\t\t\t<\/div>\n\t\t<\/section>\n\t\t\t\t<section class=\"elementor-section elementor-top-section elementor-element elementor-element-b9d2f74 elementor-section-boxed elementor-section-height-default elementor-section-height-default\" data-id=\"b9d2f74\" data-element_type=\"section\">\n\t\t\t\t\t\t<div class=\"elementor-container elementor-column-gap-default\">\n\t\t\t\t\t<div class=\"elementor-column elementor-col-100 elementor-top-column elementor-element elementor-element-3012c3a\" data-id=\"3012c3a\" data-element_type=\"column\">\n\t\t\t<div class=\"elementor-widget-wrap elementor-element-populated\">\n\t\t\t\t\t\t<div class=\"elementor-element elementor-element-2d55108 elementor-widget elementor-widget-spacer\" data-id=\"2d55108\" data-element_type=\"widget\" data-widget_type=\"spacer.default\">\n\t\t\t\t<div class=\"elementor-widget-container\">\n\t\t\t\t\t\t\t<div class=\"elementor-spacer\">\n\t\t\t<div class=\"elementor-spacer-inner\"><\/div>\n\t\t<\/div>\n\t\t\t\t\t\t<\/div>\n\t\t\t\t<\/div>\n\t\t\t\t\t<\/div>\n\t\t<\/div>\n\t\t\t\t\t<\/div>\n\t\t<\/section>\n\t\t\t\t<section class=\"elementor-section elementor-top-section elementor-element elementor-element-3471466 elementor-section-boxed elementor-section-height-default elementor-section-height-default\" data-id=\"3471466\" data-element_type=\"section\">\n\t\t\t\t\t\t<div class=\"elementor-container elementor-column-gap-default\">\n\t\t\t\t\t<div class=\"elementor-column elementor-col-33 elementor-top-column elementor-element elementor-element-f6edfb2\" data-id=\"f6edfb2\" data-element_type=\"column\">\n\t\t\t<div class=\"elementor-widget-wrap elementor-element-populated\">\n\t\t\t\t\t\t<div class=\"elementor-element elementor-element-8364b84 elementor-widget elementor-widget-spacer\" data-id=\"8364b84\" data-element_type=\"widget\" data-widget_type=\"spacer.default\">\n\t\t\t\t<div class=\"elementor-widget-container\">\n\t\t\t\t\t\t\t<div class=\"elementor-spacer\">\n\t\t\t<div class=\"elementor-spacer-inner\"><\/div>\n\t\t<\/div>\n\t\t\t\t\t\t<\/div>\n\t\t\t\t<\/div>\n\t\t\t\t<div class=\"elementor-element elementor-element-ec74a87 elementor-widget elementor-widget-text-editor\" data-id=\"ec74a87\" data-element_type=\"widget\" data-widget_type=\"text-editor.default\">\n\t\t\t\t<div class=\"elementor-widget-container\">\n\t\t\t\t\t\t\t\t\t<h3 class=\"western\">Das innere Kind<\/h3><p>Ihre Vergangenheit<\/p><p>Was wir als Kind gelernt haben, begleitet uns oft ein Leben lang \u2013 sich dar\u00fcber bewusst zu werden und die alten Muster zu erkennen, kann ein erster wichtiger Schritt sein.<\/p><p><img decoding=\"async\" class=\"wp-image-1827 alignnone\" src=\"https:\/\/melaniesengbusch.de\/wp-content\/uploads\/2021\/11\/43234173_1955326804550522_5648300281104957440_n-240x300.jpg\" alt=\"\" width=\"250\" height=\"312\" srcset=\"https:\/\/melaniesengbusch.de\/wp-content\/uploads\/2021\/11\/43234173_1955326804550522_5648300281104957440_n-240x300.jpg 240w, https:\/\/melaniesengbusch.de\/wp-content\/uploads\/2021\/11\/43234173_1955326804550522_5648300281104957440_n-820x1024.jpg 820w, https:\/\/melaniesengbusch.de\/wp-content\/uploads\/2021\/11\/43234173_1955326804550522_5648300281104957440_n-768x959.jpg 768w, https:\/\/melaniesengbusch.de\/wp-content\/uploads\/2021\/11\/43234173_1955326804550522_5648300281104957440_n.jpg 1080w\" sizes=\"(max-width: 250px) 100vw, 250px\" \/><\/p>\t\t\t\t\t\t\t\t<\/div>\n\t\t\t\t<\/div>\n\t\t\t\t\t<\/div>\n\t\t<\/div>\n\t\t\t\t<div class=\"elementor-column elementor-col-33 elementor-top-column elementor-element elementor-element-987bf57\" data-id=\"987bf57\" data-element_type=\"column\">\n\t\t\t<div class=\"elementor-widget-wrap elementor-element-populated\">\n\t\t\t\t\t\t<div class=\"elementor-element elementor-element-033ca4d elementor-widget elementor-widget-spacer\" data-id=\"033ca4d\" data-element_type=\"widget\" data-widget_type=\"spacer.default\">\n\t\t\t\t<div class=\"elementor-widget-container\">\n\t\t\t\t\t\t\t<div class=\"elementor-spacer\">\n\t\t\t<div class=\"elementor-spacer-inner\"><\/div>\n\t\t<\/div>\n\t\t\t\t\t\t<\/div>\n\t\t\t\t<\/div>\n\t\t\t\t<div class=\"elementor-element elementor-element-e20aafc elementor-widget elementor-widget-text-editor\" data-id=\"e20aafc\" data-element_type=\"widget\" data-widget_type=\"text-editor.default\">\n\t\t\t\t<div class=\"elementor-widget-container\">\n\t\t\t\t\t\t\t\t\t<h3 class=\"western\">Bestimmung &amp; Vision<\/h3><p>Ihre Zukunft<\/p><p>F\u00fcr mehr Zufriedenheit kann es wichtig sein, sich \u00fcber Ziele klar zu werden, die eigene Aufgabe in dieser Welt zu entdecken und eine pers\u00f6nliche Vision zu gestalten.<\/p><p><img decoding=\"async\" class=\"alignnone wp-image-1828 size-medium\" src=\"https:\/\/melaniesengbusch.de\/wp-content\/uploads\/2021\/11\/33197433_1763610133722191_4368623348016480256_n-300x225.jpg\" alt=\"\" width=\"300\" height=\"225\" srcset=\"https:\/\/melaniesengbusch.de\/wp-content\/uploads\/2021\/11\/33197433_1763610133722191_4368623348016480256_n-300x225.jpg 300w, https:\/\/melaniesengbusch.de\/wp-content\/uploads\/2021\/11\/33197433_1763610133722191_4368623348016480256_n-1024x768.jpg 1024w, https:\/\/melaniesengbusch.de\/wp-content\/uploads\/2021\/11\/33197433_1763610133722191_4368623348016480256_n-768x576.jpg 768w, https:\/\/melaniesengbusch.de\/wp-content\/uploads\/2021\/11\/33197433_1763610133722191_4368623348016480256_n.jpg 1080w\" sizes=\"(max-width: 300px) 100vw, 300px\" \/><\/p>\t\t\t\t\t\t\t\t<\/div>\n\t\t\t\t<\/div>\n\t\t\t\t\t<\/div>\n\t\t<\/div>\n\t\t\t\t<div class=\"elementor-column elementor-col-33 elementor-top-column elementor-element elementor-element-cc13166\" data-id=\"cc13166\" data-element_type=\"column\">\n\t\t\t<div class=\"elementor-widget-wrap elementor-element-populated\">\n\t\t\t\t\t\t<div class=\"elementor-element elementor-element-e679a1d elementor-widget elementor-widget-spacer\" data-id=\"e679a1d\" data-element_type=\"widget\" data-widget_type=\"spacer.default\">\n\t\t\t\t<div class=\"elementor-widget-container\">\n\t\t\t\t\t\t\t<div class=\"elementor-spacer\">\n\t\t\t<div class=\"elementor-spacer-inner\"><\/div>\n\t\t<\/div>\n\t\t\t\t\t\t<\/div>\n\t\t\t\t<\/div>\n\t\t\t\t<div class=\"elementor-element elementor-element-954715c elementor-widget elementor-widget-text-editor\" data-id=\"954715c\" data-element_type=\"widget\" data-widget_type=\"text-editor.default\">\n\t\t\t\t<div class=\"elementor-widget-container\">\n\t\t\t\t\t\t\t\t\t<h3 class=\"western\">Achtsamkeit<\/h3><p>Ihr Jetzt<\/p><p><a name=\"zerif_team-widget-31\"><\/a>Trainieren wir unsere Achtsamkeit, k\u00f6nnen wir unsere Lebensqualit\u00e4t erheblich steigern. Meditation kann eine hilfreiche Methode sein, um tiefe Entspannung, Klarheit und Freude zu erfahren.<\/p><p><img loading=\"lazy\" decoding=\"async\" class=\"wp-image-1841 alignnone\" src=\"https:\/\/melaniesengbusch.de\/wp-content\/uploads\/2021\/11\/22550119_1545018428914697_1806222187304509369_o-1-240x300.jpg\" alt=\"\" width=\"250\" height=\"313\" srcset=\"https:\/\/melaniesengbusch.de\/wp-content\/uploads\/2021\/11\/22550119_1545018428914697_1806222187304509369_o-1-240x300.jpg 240w, https:\/\/melaniesengbusch.de\/wp-content\/uploads\/2021\/11\/22550119_1545018428914697_1806222187304509369_o-1-819x1024.jpg 819w, https:\/\/melaniesengbusch.de\/wp-content\/uploads\/2021\/11\/22550119_1545018428914697_1806222187304509369_o-1-768x960.jpg 768w, https:\/\/melaniesengbusch.de\/wp-content\/uploads\/2021\/11\/22550119_1545018428914697_1806222187304509369_o-1.jpg 1080w\" sizes=\"(max-width: 250px) 100vw, 250px\" \/><\/p>\t\t\t\t\t\t\t\t<\/div>\n\t\t\t\t<\/div>\n\t\t\t\t\t<\/div>\n\t\t<\/div>\n\t\t\t\t\t<\/div>\n\t\t<\/section>\n\t\t\t\t<section class=\"elementor-section elementor-top-section elementor-element elementor-element-c7fb140 elementor-section-boxed elementor-section-height-default elementor-section-height-default\" data-id=\"c7fb140\" data-element_type=\"section\">\n\t\t\t\t\t\t<div class=\"elementor-container elementor-column-gap-default\">\n\t\t\t\t\t<div class=\"elementor-column elementor-col-100 elementor-top-column elementor-element elementor-element-d93c67e\" data-id=\"d93c67e\" data-element_type=\"column\">\n\t\t\t<div class=\"elementor-widget-wrap elementor-element-populated\">\n\t\t\t\t\t\t<div class=\"elementor-element elementor-element-3915c1b elementor-widget elementor-widget-spacer\" data-id=\"3915c1b\" data-element_type=\"widget\" data-widget_type=\"spacer.default\">\n\t\t\t\t<div class=\"elementor-widget-container\">\n\t\t\t\t\t\t\t<div class=\"elementor-spacer\">\n\t\t\t<div class=\"elementor-spacer-inner\"><\/div>\n\t\t<\/div>\n\t\t\t\t\t\t<\/div>\n\t\t\t\t<\/div>\n\t\t\t\t\t<\/div>\n\t\t<\/div>\n\t\t\t\t\t<\/div>\n\t\t<\/section>\n\t\t\t\t<section class=\"elementor-section elementor-top-section elementor-element elementor-element-c9acbb4 elementor-section-boxed elementor-section-height-default elementor-section-height-default\" data-id=\"c9acbb4\" data-element_type=\"section\">\n\t\t\t\t\t\t<div class=\"elementor-container elementor-column-gap-default\">\n\t\t\t\t\t<div class=\"elementor-column elementor-col-100 elementor-top-column elementor-element elementor-element-42d6ff1\" data-id=\"42d6ff1\" data-element_type=\"column\">\n\t\t\t<div class=\"elementor-widget-wrap elementor-element-populated\">\n\t\t\t\t\t\t<div class=\"elementor-element elementor-element-5bc588b elementor-widget elementor-widget-heading\" data-id=\"5bc588b\" data-element_type=\"widget\" data-widget_type=\"heading.default\">\n\t\t\t\t<div class=\"elementor-widget-container\">\n\t\t\t\t\t<h2 class=\"elementor-heading-title elementor-size-xl\">Erkennen - Integrieren - Transformieren<\/h2>\t\t\t\t<\/div>\n\t\t\t\t<\/div>\n\t\t\t\t\t<\/div>\n\t\t<\/div>\n\t\t\t\t\t<\/div>\n\t\t<\/section>\n\t\t\t\t<section class=\"elementor-section elementor-top-section elementor-element elementor-element-8cbc48a elementor-section-boxed elementor-section-height-default elementor-section-height-default\" data-id=\"8cbc48a\" data-element_type=\"section\">\n\t\t\t\t\t\t<div class=\"elementor-container elementor-column-gap-default\">\n\t\t\t\t\t<div class=\"elementor-column elementor-col-100 elementor-top-column elementor-element elementor-element-2e6ff56\" data-id=\"2e6ff56\" data-element_type=\"column\">\n\t\t\t<div class=\"elementor-widget-wrap elementor-element-populated\">\n\t\t\t\t\t\t<div class=\"elementor-element elementor-element-0fa5285 elementor-widget elementor-widget-spacer\" data-id=\"0fa5285\" data-element_type=\"widget\" data-widget_type=\"spacer.default\">\n\t\t\t\t<div class=\"elementor-widget-container\">\n\t\t\t\t\t\t\t<div class=\"elementor-spacer\">\n\t\t\t<div class=\"elementor-spacer-inner\"><\/div>\n\t\t<\/div>\n\t\t\t\t\t\t<\/div>\n\t\t\t\t<\/div>\n\t\t\t\t\t<\/div>\n\t\t<\/div>\n\t\t\t\t\t<\/div>\n\t\t<\/section>\n\t\t\t\t<section class=\"elementor-section elementor-top-section elementor-element elementor-element-c8784f0 elementor-section-boxed elementor-section-height-default elementor-section-height-default\" data-id=\"c8784f0\" data-element_type=\"section\">\n\t\t\t\t\t\t<div class=\"elementor-container elementor-column-gap-default\">\n\t\t\t\t\t<div class=\"elementor-column elementor-col-33 elementor-top-column elementor-element elementor-element-5a729b2\" data-id=\"5a729b2\" data-element_type=\"column\">\n\t\t\t<div class=\"elementor-widget-wrap elementor-element-populated\">\n\t\t\t\t\t\t<div class=\"elementor-element elementor-element-8639abd elementor-widget elementor-widget-text-editor\" data-id=\"8639abd\" data-element_type=\"widget\" data-widget_type=\"text-editor.default\">\n\t\t\t\t<div class=\"elementor-widget-container\">\n\t\t\t\t\t\t\t\t\t<h3><em>Courage, dear heart.<\/em><\/h3><h3><span class=\"autor_in\">C. S. Lewis<\/span><\/h3><p>\u00a0<\/p><p>Mitglied im:<\/p><p><img loading=\"lazy\" decoding=\"async\" class=\"wp-image-1525 alignleft\" src=\"https:\/\/melaniesengbusch.de\/wp-content\/uploads\/2021\/10\/vfp_logo2-300x300.gif\" alt=\"\" width=\"200\" height=\"200\" srcset=\"https:\/\/melaniesengbusch.de\/wp-content\/uploads\/2021\/10\/vfp_logo2-300x300.gif 300w, https:\/\/melaniesengbusch.de\/wp-content\/uploads\/2021\/10\/vfp_logo2-1024x1024.gif 1024w, https:\/\/melaniesengbusch.de\/wp-content\/uploads\/2021\/10\/vfp_logo2-150x150.gif 150w, https:\/\/melaniesengbusch.de\/wp-content\/uploads\/2021\/10\/vfp_logo2-768x768.gif 768w\" sizes=\"(max-width: 200px) 100vw, 200px\" \/><\/p>\t\t\t\t\t\t\t\t<\/div>\n\t\t\t\t<\/div>\n\t\t\t\t\t<\/div>\n\t\t<\/div>\n\t\t\t\t<div class=\"elementor-column elementor-col-66 elementor-top-column elementor-element elementor-element-18a6bd5\" data-id=\"18a6bd5\" data-element_type=\"column\">\n\t\t\t<div class=\"elementor-widget-wrap elementor-element-populated\">\n\t\t\t\t\t\t<div class=\"elementor-element elementor-element-4d6d046 elementor-widget elementor-widget-text-editor\" data-id=\"4d6d046\" data-element_type=\"widget\" data-widget_type=\"text-editor.default\">\n\t\t\t\t<div class=\"elementor-widget-container\">\n\t\t\t\t\t\t\t\t\t<p>Ich arbeite integrativ, das bedeutet: verschiedene Methoden werden nach Bedarf kombiniert und auf Ihre pers\u00f6nlichen Bed\u00fcrfnisse und Anliegen abgestimmt.<\/p>\n<p>Meine Arbeit zeichnet sich durch ein hohes Ma\u00df an Fachlichkeit und ganzheitlicher Betrachtungsweise aus. Gro\u00dfen Wert lege ich auf Achtsamkeit und Integrit\u00e4t. Ich biete Ihnen einen sicheren Raum, in dem wir frei und offen miteinander arbeiten k\u00f6nnen. Wichtig ist mir, die Wertsch\u00e4tzung f\u00fcr den gemeinsamen Prozess und eine entspannte, zielf\u00fchrende Arbeitsweise: effizient und l\u00f6sungsorientiert, ohne Druck und ohne Verurteilung. Sie sind mit allen Gedanken und Gef\u00fchlen willkommen.<\/p>\t\t\t\t\t\t\t\t<\/div>\n\t\t\t\t<\/div>\n\t\t\t\t\t<\/div>\n\t\t<\/div>\n\t\t\t\t\t<\/div>\n\t\t<\/section>\n\t\t\t\t<section class=\"elementor-section elementor-top-section elementor-element elementor-element-28fd475 elementor-section-boxed elementor-section-height-default elementor-section-height-default\" data-id=\"28fd475\" data-element_type=\"section\">\n\t\t\t\t\t\t<div class=\"elementor-container elementor-column-gap-default\">\n\t\t\t\t\t<div class=\"elementor-column elementor-col-100 elementor-top-column elementor-element elementor-element-37e0003\" data-id=\"37e0003\" data-element_type=\"column\">\n\t\t\t<div class=\"elementor-widget-wrap elementor-element-populated\">\n\t\t\t\t\t\t<div class=\"elementor-element elementor-element-db47f68 elementor-widget elementor-widget-spacer\" data-id=\"db47f68\" data-element_type=\"widget\" data-widget_type=\"spacer.default\">\n\t\t\t\t<div class=\"elementor-widget-container\">\n\t\t\t\t\t\t\t<div class=\"elementor-spacer\">\n\t\t\t<div class=\"elementor-spacer-inner\"><\/div>\n\t\t<\/div>\n\t\t\t\t\t\t<\/div>\n\t\t\t\t<\/div>\n\t\t\t\t\t<\/div>\n\t\t<\/div>\n\t\t\t\t\t<\/div>\n\t\t<\/section>\n\t\t\t\t<section class=\"elementor-section elementor-top-section elementor-element elementor-element-2133456 elementor-section-boxed elementor-section-height-default elementor-section-height-default\" data-id=\"2133456\" data-element_type=\"section\">\n\t\t\t\t\t\t<div class=\"elementor-container elementor-column-gap-default\">\n\t\t\t\t\t<div class=\"elementor-column elementor-col-100 elementor-top-column elementor-element elementor-element-f8f7f42\" data-id=\"f8f7f42\" data-element_type=\"column\">\n\t\t\t<div class=\"elementor-widget-wrap elementor-element-populated\">\n\t\t\t\t\t\t<div class=\"elementor-element elementor-element-09787a4 elementor-widget elementor-widget-image\" data-id=\"09787a4\" data-element_type=\"widget\" data-widget_type=\"image.default\">\n\t\t\t\t<div class=\"elementor-widget-container\">\n\t\t\t\t\t\t\t\t\t\t\t\t<figure class=\"wp-caption\">\n\t\t\t\t\t\t\t\t\t\t<img loading=\"lazy\" decoding=\"async\" width=\"300\" height=\"142\" src=\"https:\/\/melaniesengbusch.de\/wp-content\/uploads\/2020\/04\/cropped-cropped-Transparent-e1586249986798-300x142.png\" class=\"attachment-medium size-medium wp-image-1146\" alt=\"\" srcset=\"https:\/\/melaniesengbusch.de\/wp-content\/uploads\/2020\/04\/cropped-cropped-Transparent-e1586249986798-300x142.png 300w, https:\/\/melaniesengbusch.de\/wp-content\/uploads\/2020\/04\/cropped-cropped-Transparent-e1586249986798-1024x486.png 1024w, https:\/\/melaniesengbusch.de\/wp-content\/uploads\/2020\/04\/cropped-cropped-Transparent-e1586249986798-768x364.png 768w, https:\/\/melaniesengbusch.de\/wp-content\/uploads\/2020\/04\/cropped-cropped-Transparent-e1586249986798-1536x729.png 1536w, https:\/\/melaniesengbusch.de\/wp-content\/uploads\/2020\/04\/cropped-cropped-Transparent-e1586249986798-2048x972.png 2048w, https:\/\/melaniesengbusch.de\/wp-content\/uploads\/2020\/04\/cropped-cropped-Transparent-e1586249986798-2000x949.png 2000w, https:\/\/melaniesengbusch.de\/wp-content\/uploads\/2020\/04\/cropped-cropped-Transparent-e1586249986798-600x285.png 600w, https:\/\/melaniesengbusch.de\/wp-content\/uploads\/2020\/04\/cropped-cropped-Transparent-e1586249986798-1200x569.png 1200w\" sizes=\"100vw\" \/>\t\t\t\t\t\t\t\t\t\t\t<figcaption class=\"widget-image-caption wp-caption-text\">Heilpraktikerin, ausschlie\u00dflich auf dem Gebiet der Psychotherapie - kontakt@melaniesengbusch.de - 0151 59451315<\/figcaption>\n\t\t\t\t\t\t\t\t\t\t<\/figure>\n\t\t\t\t\t\t\t\t\t<\/div>\n\t\t\t\t<\/div>\n\t\t\t\t\t<\/div>\n\t\t<\/div>\n\t\t\t\t\t<\/div>\n\t\t<\/section>\n\t\t<div class=\"elementor-element elementor-element-8f4d114 e-flex e-con-boxed e-con e-parent\" data-id=\"8f4d114\" data-element_type=\"container\">\n\t\t\t\t\t<div class=\"e-con-inner\">\n\t\t\t\t\t<\/div>\n\t\t\t\t<\/div>\n\t\t\t\t<\/div>\n\t\t","protected":false},"excerpt":{"rendered":"<p>Wobei ich Sie unterst\u00fctzen kann: Stress &amp; Burnout Depressionen (leicht bis mittelschwer) \u00c4ngste Beziehungs- &amp; Bindungsst\u00f6rungen Suchtverhalten Bewusstwerdung \u00fcber innere Konflikte &amp; Blockaden Klarheit \u00fcber eigene Ziele &amp; Bed\u00fcrfnisse Was Sie von mir erwarten k\u00f6nnen: Umfassende Analyse &amp; individuelle Strategien Fundiertes Fachwissen\u00a0 Langj\u00e4hrige Erfahrung in der Arbeit mit Menschen Professionelle und einf\u00fchlsame Beratung Absolute Vertraulichkeit &hellip; <\/p>\n<p class=\"link-more\"><a href=\"https:\/\/melaniesengbusch.de\/\" class=\"more-link\">Mehr <span class=\"screen-reader-text\">\u00fcber &#8222;INNER PEACE MATTERS MOST&#8220; <\/span>Lesen<\/a><\/p>\n","protected":false},"author":1,"featured_media":0,"parent":0,"menu_order":0,"comment_status":"closed","ping_status":"closed","template":"","meta":{"footnotes":""},"class_list":["post-127","page","type-page","status-publish","hentry"],"featured_media_urls":[],"_links":{"self":[{"href":"https:\/\/melaniesengbusch.de\/index.php?rest_route=\/wp\/v2\/pages\/127","targetHints":{"allow":["GET"]}}],"collection":[{"href":"https:\/\/melaniesengbusch.de\/index.php?rest_route=\/wp\/v2\/pages"}],"about":[{"href":"https:\/\/melaniesengbusch.de\/index.php?rest_route=\/wp\/v2\/types\/page"}],"author":[{"embeddable":true,"href":"https:\/\/melaniesengbusch.de\/index.php?rest_route=\/wp\/v2\/users\/1"}],"replies":[{"embeddable":true,"href":"https:\/\/melaniesengbusch.de\/index.php?rest_route=%2Fwp%2Fv2%2Fcomments&post=127"}],"version-history":[{"count":545,"href":"https:\/\/melaniesengbusch.de\/index.php?rest_route=\/wp\/v2\/pages\/127\/revisions"}],"predecessor-version":[{"id":3525,"href":"https:\/\/melaniesengbusch.de\/index.php?rest_route=\/wp\/v2\/pages\/127\/revisions\/3525"}],"wp:attachment":[{"href":"https:\/\/melaniesengbusch.de\/index.php?rest_route=%2Fwp%2Fv2%2Fmedia&parent=127"}],"curies":[{"name":"wp","href":"https:\/\/api.w.org\/{rel}","templated":true}]}}